{"id":39,"date":"2022-10-14T20:47:03","date_gmt":"2022-10-14T20:47:03","guid":{"rendered":"https:\/\/senhorcursos.com\/?page_id=39"},"modified":"2022-10-14T20:47:05","modified_gmt":"2022-10-14T20:47:05","slug":"about","status":"publish","type":"page","link":"https:\/\/senhorcursos.com\/ko\/about\/","title":{"rendered":"~\uc5d0"},"content":{"rendered":"<!--advertisement--><div class=\"mx-5 sm:mx-0 sm:text-3xl text-2xl font-medium title-font mb-4 text-gray-900 text-left\">\n<h2 id=\"h-o-que-voce-quer-aprender-hoje\">\uc624\ub298\uc740 \ubb34\uc5c7\uc744 \ubc30\uc6b0\uace0 \uc2f6\uc73c\uc2e0\uac00\uc694?<\/h2>\n<\/div><div class=\"mx-5 sm:mx-0 prose leading-relaxed text-lg mb-5 text-left wp-paragraph\">\n<p>Senhor Cursos\uc5d0\uc11c\ub294 \uac15\uc88c, \ub300\ud68c, \ucde8\uc5c5 \ub4f1 \ub2e4\uc591\ud55c \ubd84\uc57c\uc5d0\uc11c \uc5ec\ub7ec\ubd84\uc758 \uc0b6\uc758 \ub2e4\uc591\ud55c \uce21\uba74\uc5d0\uc11c \ubc1c\uc804\ud560 \uc218 \uc788\ub3c4\ub85d \ub3d5\uace0\uc790 \ud569\ub2c8\ub2e4. \ub354 \ub098\uc544\uac00, \ub04a\uc784\uc5c6\ub294 \ubc1c\uc804\uacfc \ucd94\uc9c4\ub825, \uadf8\ub9ac\uace0 \ub048\uae30\uac00 \uc131\uacf5\uacfc \uc758\ubbf8 \uc788\ub294 \uc0b6\uc758 \ube44\uacb0\uc774\ub77c\uace0 \ubbff\uc2b5\ub2c8\ub2e4. \uc800\ud76c\ub294 &quot;\uc6b4&quot;\uc744 \ubbff\uc9c0 \uc54a\uc2b5\ub2c8\ub2e4.<\/p>\n<\/div><!--advertisement--><div class=\"mx-5 sm:mx-0 sm:text-3xl text-2xl font-medium title-font mb-4 text-gray-900 text-left\">\n<h2 id=\"h-quem-somos\">\uc6b0\ub9ac\ub294 \ub204\uad6c\uc778\uac00?<\/h2>\n<\/div><div class=\"mx-5 sm:mx-0 prose leading-relaxed text-lg mb-5 text-left wp-paragraph\">\n<p>Senhor Cursos\ub294 \ube0c\ub77c\uc9c8\uacfc \uce90\ub098\ub2e4\uc5d0 \uc9c0\uc0ac\ub97c \ub454 \ucf58\ud150\uce20 \ubc0f \uad50\uc721 \ud68c\uc0ac\uc785\ub2c8\ub2e4. \uc800\ud76c\uc758 \uc0ac\uba85\uc740 \uc5b4\ub514\uc5d0 \uacc4\uc2dc\ub4e0 \uac15\uc88c, \uacf5\uac1c \uc2dc\ud5d8, \uad6c\uc9c1, \uacbd\ub825 \ub4f1\uc5d0 \ub300\ud55c \ucd5c\uace0\uc758 \ucf58\ud150\uce20\ub97c \uc9c0\uc18d\uc801\uc73c\ub85c \uc81c\uacf5\ud558\ub294 \uac83\uc785\ub2c8\ub2e4. \ucd5c\uace0\uc758 \uc9c0\uc2dd\uc744 \ucd94\uad6c\ud558\ub294 \uc5ec\ub7ec\ubd84\uc758 \ud30c\ud2b8\ub108\uac00 \ub418\uace0 \uc2f6\uc2b5\ub2c8\ub2e4.<\/p>\n<\/div><!--advertisement--><div class=\"mx-5 sm:mx-0 sm:text-3xl text-2xl font-medium title-font mb-4 text-gray-900 text-left\">\n<h2 id=\"h-nos-ajude-a-melhorar\">\uac1c\uc120\uc5d0 \ub3c4\uc6c0\uc744 \uc8fc\uc138\uc694<\/h2>\n<\/div><div class=\"mx-5 sm:mx-0 prose leading-relaxed text-lg mb-5 text-left wp-paragraph\">\n<p>\uc5ec\ub7ec\ubd84\uc758 \uc544\uc774\ub514\uc5b4\ub294 \uc5b8\uc81c\ub098 \ud658\uc601\uc785\ub2c8\ub2e4.&nbsp;<a style=\" color:;\" href=\"https:\/\/senhorcursos.com\/ko\/contact\/\">\uba54\uc2dc\uc9c0\ub97c \ubcf4\ub0b4\uc8fc\uc138\uc694!<\/a><\/p>\n<\/div>","protected":false},"excerpt":{"rendered":"<p>\uc624\ub298 \ubb34\uc5c7\uc744 \ubc30\uc6b0\uace0 \uc2f6\uc73c\uc2e0\uac00\uc694? \uc138\ub1e8\ub974 \ucfe0\ub974\uc18c\uc2a4\ub294 \uc5ec\ub7ec\ubd84\uc758 \uc0b6\uc758 \ub2e4\uc591\ud55c \uce21\uba74\uc5d0\uc11c \ubc1c\uc804\uc744 \ub3d5\uace0\uc790 \ud569\ub2c8\ub2e4. \uac15\uc88c, \ub300\ud68c, \ucde8\uc5c5 \ub4f1 \uc5ec\ub7ec \uac00\uc9c0 \uc720\uc6a9\ud55c \uc815\ubcf4\ub97c \uc81c\uacf5\ud574 \ub4dc\ub9bd\ub2c8\ub2e4. \ub610\ud55c, \ub04a\uc784\uc5c6\ub294 \uc790\uae30\uacc4\ubc1c\uacfc \ub354\ubd88\uc5b4 \ud655\uace0\ud55c \uc758\uc9c0\uc640 \ub048\uae30\uac00 \uc131\uacf5\uacfc \uc758\ubbf8 \uc788\ub294 \uc0b6\uc758 \ube44\uacb0\uc774\ub77c\uace0 \ubbff\uc2b5\ub2c8\ub2e4. \uc800\ud76c\ub294\u2026 <a class=\"more-link\" href=\"https:\/\/senhorcursos.com\/ko\/about\/\">\uacc4\uc18d \uc77d\uae30 <span class=\"screen-reader-text\">~\uc5d0<\/span><\/a><\/p>","protected":false},"author":15,"featured_media":0,"parent":0,"menu_order":0,"comment_status":"closed","ping_status":"closed","template":"","meta":[],"yoast_head":"<!-- This site is optimized with the Yoast SEO Premium plugin v18.7 (Yoast SEO v19.1) - https:\/\/yoast.com\/wordpress\/plugins\/seo\/ -->\n<title>Sobre - Senhor Cursos<\/title>\n<meta name=\"description\" content=\"Quer saber quem somos e sobre o que falamos em nosso portal? Ent\u00e3o, acesse nossa p\u00e1gina e confira todas as informa\u00e7\u00f5es.\" \/>\n<meta name=\"robots\" content=\"index, follow, max-snippet:-1, max-image-preview:large, max-video-preview:-1\" \/>\n<link rel=\"canonical\" href=\"https:\/\/senhorcursos.com\/ko\/about\/\" \/>\n<meta property=\"og:locale\" content=\"ko_KR\" \/>\n<meta property=\"og:type\" content=\"article\" \/>\n<meta property=\"og:title\" content=\"Sobre\" \/>\n<meta property=\"og:description\" content=\"Quer saber quem somos e sobre o que falamos em nosso portal? Ent\u00e3o, acesse nossa p\u00e1gina e confira todas as informa\u00e7\u00f5es.\" \/>\n<meta property=\"og:url\" content=\"https:\/\/senhorcursos.com\/ko\/about\/\" \/>\n<meta property=\"og:site_name\" content=\"Senhor Cursos\" \/>\n<meta property=\"article:modified_time\" content=\"2022-10-14T20:47:05+00:00\" \/>\n<meta name=\"twitter:card\" content=\"summary_large_image\" \/>\n<meta name=\"twitter:label1\" content=\"Est. reading time\" \/>\n\t<meta name=\"twitter:data1\" content=\"1\ubd84\" \/>\n<script type=\"application\/ld+json\" class=\"yoast-schema-graph\">{\"@context\":\"https:\/\/schema.org\",\"@graph\":[{\"@type\":\"WebSite\",\"@id\":\"https:\/\/senhorcursos.com\/#website\",\"url\":\"https:\/\/senhorcursos.com\/\",\"name\":\"Senhor Cursos\",\"description\":\"Os melhores cursos, concursos e vagas de empregos para voc\u00ea\",\"potentialAction\":[{\"@type\":\"SearchAction\",\"target\":{\"@type\":\"EntryPoint\",\"urlTemplate\":\"https:\/\/senhorcursos.com\/?s={search_term_string}\"},\"query-input\":\"required name=search_term_string\"}],\"inLanguage\":\"ko-KR\"},{\"@type\":\"WebPage\",\"@id\":\"https:\/\/senhorcursos.com\/about\/#webpage\",\"url\":\"https:\/\/senhorcursos.com\/about\/\",\"name\":\"Sobre - Senhor Cursos\",\"isPartOf\":{\"@id\":\"https:\/\/senhorcursos.com\/#website\"},\"datePublished\":\"2022-10-14T20:47:03+00:00\",\"dateModified\":\"2022-10-14T20:47:05+00:00\",\"description\":\"Quer saber quem somos e sobre o que falamos em nosso portal? Ent\u00e3o, acesse nossa p\u00e1gina e confira todas as informa\u00e7\u00f5es.\",\"breadcrumb\":{\"@id\":\"https:\/\/senhorcursos.com\/about\/#breadcrumb\"},\"inLanguage\":\"ko-KR\",\"potentialAction\":[{\"@type\":\"ReadAction\",\"target\":[\"https:\/\/senhorcursos.com\/about\/\"]}]},{\"@type\":\"BreadcrumbList\",\"@id\":\"https:\/\/senhorcursos.com\/about\/#breadcrumb\",\"itemListElement\":[{\"@type\":\"ListItem\",\"position\":1,\"name\":\"Home\",\"item\":\"https:\/\/senhorcursos.com\/\"},{\"@type\":\"ListItem\",\"position\":2,\"name\":\"Sobre\"}]}]}<\/script>\n<!-- \/ Yoast SEO Premium plugin. -->","yoast_head_json":{"title":"Sobre - Senhor Cursos","description":"Quer saber quem somos e sobre o que falamos em nosso portal? Ent\u00e3o, acesse nossa p\u00e1gina e confira todas as informa\u00e7\u00f5es.","robots":{"index":"index","follow":"follow","max-snippet":"max-snippet:-1","max-image-preview":"max-image-preview:large","max-video-preview":"max-video-preview:-1"},"canonical":"https:\/\/senhorcursos.com\/ko\/about\/","og_locale":"ko_KR","og_type":"article","og_title":"Sobre","og_description":"Quer saber quem somos e sobre o que falamos em nosso portal? Ent\u00e3o, acesse nossa p\u00e1gina e confira todas as informa\u00e7\u00f5es.","og_url":"https:\/\/senhorcursos.com\/ko\/about\/","og_site_name":"Senhor Cursos","article_modified_time":"2022-10-14T20:47:05+00:00","twitter_card":"summary_large_image","twitter_misc":{"Est. reading time":"1\ubd84"},"schema":{"@context":"https:\/\/schema.org","@graph":[{"@type":"WebSite","@id":"https:\/\/senhorcursos.com\/#website","url":"https:\/\/senhorcursos.com\/","name":"Senhor Cursos","description":"Os melhores cursos, concursos e vagas de empregos para voc\u00ea","potentialAction":[{"@type":"SearchAction","target":{"@type":"EntryPoint","urlTemplate":"https:\/\/senhorcursos.com\/?s={search_term_string}"},"query-input":"required name=search_term_string"}],"inLanguage":"ko-KR"},{"@type":"WebPage","@id":"https:\/\/senhorcursos.com\/about\/#webpage","url":"https:\/\/senhorcursos.com\/about\/","name":"Sobre - Senhor Cursos","isPartOf":{"@id":"https:\/\/senhorcursos.com\/#website"},"datePublished":"2022-10-14T20:47:03+00:00","dateModified":"2022-10-14T20:47:05+00:00","description":"Quer saber quem somos e sobre o que falamos em nosso portal? Ent\u00e3o, acesse nossa p\u00e1gina e confira todas as informa\u00e7\u00f5es.","breadcrumb":{"@id":"https:\/\/senhorcursos.com\/about\/#breadcrumb"},"inLanguage":"ko-KR","potentialAction":[{"@type":"ReadAction","target":["https:\/\/senhorcursos.com\/about\/"]}]},{"@type":"BreadcrumbList","@id":"https:\/\/senhorcursos.com\/about\/#breadcrumb","itemListElement":[{"@type":"ListItem","position":1,"name":"Home","item":"https:\/\/senhorcursos.com\/"},{"@type":"ListItem","position":2,"name":"Sobre"}]}]}},"_links":{"self":[{"href":"https:\/\/senhorcursos.com\/ko\/wp-json\/wp\/v2\/pages\/39"}],"collection":[{"href":"https:\/\/senhorcursos.com\/ko\/wp-json\/wp\/v2\/pages"}],"about":[{"href":"https:\/\/senhorcursos.com\/ko\/wp-json\/wp\/v2\/types\/page"}],"author":[{"embeddable":true,"href":"https:\/\/senhorcursos.com\/ko\/wp-json\/wp\/v2\/users\/15"}],"replies":[{"embeddable":true,"href":"https:\/\/senhorcursos.com\/ko\/wp-json\/wp\/v2\/comments?post=39"}],"version-history":[{"count":0,"href":"https:\/\/senhorcursos.com\/ko\/wp-json\/wp\/v2\/pages\/39\/revisions"}],"wp:attachment":[{"href":"https:\/\/senhorcursos.com\/ko\/wp-json\/wp\/v2\/media?parent=39"}],"curies":[{"name":"wp","href":"https:\/\/api.w.org\/{rel}","templated":true}]}}