{"id":39,"date":"2022-10-14T20:47:03","date_gmt":"2022-10-14T20:47:03","guid":{"rendered":"https:\/\/senhorcursos.com\/?page_id=39"},"modified":"2022-10-14T20:47:05","modified_gmt":"2022-10-14T20:47:05","slug":"about","status":"publish","type":"page","link":"https:\/\/senhorcursos.com\/fr\/about\/","title":{"rendered":"\u00c0 propos"},"content":{"rendered":"<!--advertisement--><div class=\"mx-5 sm:mx-0 sm:text-3xl text-2xl font-medium title-font mb-4 text-gray-900 text-left\">\n<h2 id=\"h-o-que-voce-quer-aprender-hoje\">Qu&#039;est ce que vous voulez apprendre aujourd&#039;hui?<\/h2>\n<\/div><div class=\"mx-5 sm:mx-0 prose leading-relaxed text-lg mb-5 text-left wp-paragraph\">\n<p>Chez Senhor Cursos, nous voulons vous aider \u00e0 progresser dans diff\u00e9rents aspects de votre vie, que ce soit avec des conseils sur les cours, les concours, l&#039;emploi et bien plus encore. De plus, nous croyons que l\u2019am\u00e9lioration continue, combin\u00e9e \u00e0 la d\u00e9termination et \u00e0 la pers\u00e9v\u00e9rance, sont les secrets du succ\u00e8s et d\u2019une vie pleine de sens. Nous ne croyons pas \u00e0 la \u00ab chance \u00bb.<\/p>\n<\/div><!--advertisement--><div class=\"mx-5 sm:mx-0 sm:text-3xl text-2xl font-medium title-font mb-4 text-gray-900 text-left\">\n<h2 id=\"h-quem-somos\">Qui nous sommes?<\/h2>\n<\/div><div class=\"mx-5 sm:mx-0 prose leading-relaxed text-lg mb-5 text-left wp-paragraph\">\n<p>Senhor Cursos est une soci\u00e9t\u00e9 de contenu et d&#039;\u00e9ducation dont le si\u00e8ge social est au Br\u00e9sil et au Canada. Notre mission est de fournir syst\u00e9matiquement le meilleur contenu sur les cours, les concours, les emplois, les carri\u00e8res et bien plus encore, o\u00f9 que vous soyez. C\u2019est pourquoi nous souhaitons \u00eatre votre partenaire dans la recherche de vos meilleures connaissances.<\/p>\n<\/div><!--advertisement--><div class=\"mx-5 sm:mx-0 sm:text-3xl text-2xl font-medium title-font mb-4 text-gray-900 text-left\">\n<h2 id=\"h-nos-ajude-a-melhorar\">Aidez nous \u00e0 am\u00e9liorer<\/h2>\n<\/div><div class=\"mx-5 sm:mx-0 prose leading-relaxed text-lg mb-5 text-left wp-paragraph\">\n<p>Vos id\u00e9es sont les bienvenues.&nbsp;<a style=\" color:;\" href=\"https:\/\/senhorcursos.com\/fr\/contact\/\">Envoie-nous un message!<\/a><\/p>\n<\/div>","protected":false},"excerpt":{"rendered":"<p>Que souhaitez-vous apprendre aujourd&#039;hui\u00a0? Chez Senhor Cursos, nous souhaitons vous aider \u00e0 progresser dans diff\u00e9rents aspects de votre vie, que ce soit en vous donnant des conseils sur les formations, les concours, les emplois et bien plus encore. De plus, nous sommes convaincus que l&#039;am\u00e9lioration continue, alli\u00e9e \u00e0 la d\u00e9termination et \u00e0 la pers\u00e9v\u00e9rance, est le secret du succ\u00e8s et d&#039;une vie pleine de sens. Nous ne croyons pas\u2026 <a class=\"more-link\" href=\"https:\/\/senhorcursos.com\/fr\/about\/\">Continuer \u00e0 lire <span class=\"screen-reader-text\">\u00c0 propos<\/span><\/a><\/p>","protected":false},"author":15,"featured_media":0,"parent":0,"menu_order":0,"comment_status":"closed","ping_status":"closed","template":"","meta":[],"yoast_head":"<!-- This site is optimized with the Yoast SEO Premium plugin v18.7 (Yoast SEO v19.1) - https:\/\/yoast.com\/wordpress\/plugins\/seo\/ -->\n<title>Sobre - Senhor Cursos<\/title>\n<meta name=\"description\" content=\"Quer saber quem somos e sobre o que falamos em nosso portal? Ent\u00e3o, acesse nossa p\u00e1gina e confira todas as informa\u00e7\u00f5es.\" \/>\n<meta name=\"robots\" content=\"index, follow, max-snippet:-1, max-image-preview:large, max-video-preview:-1\" \/>\n<link rel=\"canonical\" href=\"https:\/\/senhorcursos.com\/fr\/about\/\" \/>\n<meta property=\"og:locale\" content=\"fr_FR\" \/>\n<meta property=\"og:type\" content=\"article\" \/>\n<meta property=\"og:title\" content=\"Sobre\" \/>\n<meta property=\"og:description\" content=\"Quer saber quem somos e sobre o que falamos em nosso portal? Ent\u00e3o, acesse nossa p\u00e1gina e confira todas as informa\u00e7\u00f5es.\" \/>\n<meta property=\"og:url\" content=\"https:\/\/senhorcursos.com\/fr\/about\/\" \/>\n<meta property=\"og:site_name\" content=\"Senhor Cursos\" \/>\n<meta property=\"article:modified_time\" content=\"2022-10-14T20:47:05+00:00\" \/>\n<meta name=\"twitter:card\" content=\"summary_large_image\" \/>\n<meta name=\"twitter:label1\" content=\"Est. reading time\" \/>\n\t<meta name=\"twitter:data1\" content=\"1 minute\" \/>\n<script type=\"application\/ld+json\" class=\"yoast-schema-graph\">{\"@context\":\"https:\/\/schema.org\",\"@graph\":[{\"@type\":\"WebSite\",\"@id\":\"https:\/\/senhorcursos.com\/#website\",\"url\":\"https:\/\/senhorcursos.com\/\",\"name\":\"Senhor Cursos\",\"description\":\"Os melhores cursos, concursos e vagas de empregos para voc\u00ea\",\"potentialAction\":[{\"@type\":\"SearchAction\",\"target\":{\"@type\":\"EntryPoint\",\"urlTemplate\":\"https:\/\/senhorcursos.com\/?s={search_term_string}\"},\"query-input\":\"required name=search_term_string\"}],\"inLanguage\":\"fr-FR\"},{\"@type\":\"WebPage\",\"@id\":\"https:\/\/senhorcursos.com\/about\/#webpage\",\"url\":\"https:\/\/senhorcursos.com\/about\/\",\"name\":\"Sobre - Senhor Cursos\",\"isPartOf\":{\"@id\":\"https:\/\/senhorcursos.com\/#website\"},\"datePublished\":\"2022-10-14T20:47:03+00:00\",\"dateModified\":\"2022-10-14T20:47:05+00:00\",\"description\":\"Quer saber quem somos e sobre o que falamos em nosso portal? Ent\u00e3o, acesse nossa p\u00e1gina e confira todas as informa\u00e7\u00f5es.\",\"breadcrumb\":{\"@id\":\"https:\/\/senhorcursos.com\/about\/#breadcrumb\"},\"inLanguage\":\"fr-FR\",\"potentialAction\":[{\"@type\":\"ReadAction\",\"target\":[\"https:\/\/senhorcursos.com\/about\/\"]}]},{\"@type\":\"BreadcrumbList\",\"@id\":\"https:\/\/senhorcursos.com\/about\/#breadcrumb\",\"itemListElement\":[{\"@type\":\"ListItem\",\"position\":1,\"name\":\"Home\",\"item\":\"https:\/\/senhorcursos.com\/\"},{\"@type\":\"ListItem\",\"position\":2,\"name\":\"Sobre\"}]}]}<\/script>\n<!-- \/ Yoast SEO Premium plugin. -->","yoast_head_json":{"title":"Sobre - Senhor Cursos","description":"Quer saber quem somos e sobre o que falamos em nosso portal? Ent\u00e3o, acesse nossa p\u00e1gina e confira todas as informa\u00e7\u00f5es.","robots":{"index":"index","follow":"follow","max-snippet":"max-snippet:-1","max-image-preview":"max-image-preview:large","max-video-preview":"max-video-preview:-1"},"canonical":"https:\/\/senhorcursos.com\/fr\/about\/","og_locale":"fr_FR","og_type":"article","og_title":"Sobre","og_description":"Quer saber quem somos e sobre o que falamos em nosso portal? Ent\u00e3o, acesse nossa p\u00e1gina e confira todas as informa\u00e7\u00f5es.","og_url":"https:\/\/senhorcursos.com\/fr\/about\/","og_site_name":"Senhor Cursos","article_modified_time":"2022-10-14T20:47:05+00:00","twitter_card":"summary_large_image","twitter_misc":{"Est. reading time":"1 minute"},"schema":{"@context":"https:\/\/schema.org","@graph":[{"@type":"WebSite","@id":"https:\/\/senhorcursos.com\/#website","url":"https:\/\/senhorcursos.com\/","name":"Senhor Cursos","description":"Os melhores cursos, concursos e vagas de empregos para voc\u00ea","potentialAction":[{"@type":"SearchAction","target":{"@type":"EntryPoint","urlTemplate":"https:\/\/senhorcursos.com\/?s={search_term_string}"},"query-input":"required name=search_term_string"}],"inLanguage":"fr-FR"},{"@type":"WebPage","@id":"https:\/\/senhorcursos.com\/about\/#webpage","url":"https:\/\/senhorcursos.com\/about\/","name":"Sobre - Senhor Cursos","isPartOf":{"@id":"https:\/\/senhorcursos.com\/#website"},"datePublished":"2022-10-14T20:47:03+00:00","dateModified":"2022-10-14T20:47:05+00:00","description":"Quer saber quem somos e sobre o que falamos em nosso portal? Ent\u00e3o, acesse nossa p\u00e1gina e confira todas as informa\u00e7\u00f5es.","breadcrumb":{"@id":"https:\/\/senhorcursos.com\/about\/#breadcrumb"},"inLanguage":"fr-FR","potentialAction":[{"@type":"ReadAction","target":["https:\/\/senhorcursos.com\/about\/"]}]},{"@type":"BreadcrumbList","@id":"https:\/\/senhorcursos.com\/about\/#breadcrumb","itemListElement":[{"@type":"ListItem","position":1,"name":"Home","item":"https:\/\/senhorcursos.com\/"},{"@type":"ListItem","position":2,"name":"Sobre"}]}]}},"_links":{"self":[{"href":"https:\/\/senhorcursos.com\/fr\/wp-json\/wp\/v2\/pages\/39"}],"collection":[{"href":"https:\/\/senhorcursos.com\/fr\/wp-json\/wp\/v2\/pages"}],"about":[{"href":"https:\/\/senhorcursos.com\/fr\/wp-json\/wp\/v2\/types\/page"}],"author":[{"embeddable":true,"href":"https:\/\/senhorcursos.com\/fr\/wp-json\/wp\/v2\/users\/15"}],"replies":[{"embeddable":true,"href":"https:\/\/senhorcursos.com\/fr\/wp-json\/wp\/v2\/comments?post=39"}],"version-history":[{"count":0,"href":"https:\/\/senhorcursos.com\/fr\/wp-json\/wp\/v2\/pages\/39\/revisions"}],"wp:attachment":[{"href":"https:\/\/senhorcursos.com\/fr\/wp-json\/wp\/v2\/media?parent=39"}],"curies":[{"name":"wp","href":"https:\/\/api.w.org\/{rel}","templated":true}]}}