{"id":39,"date":"2022-10-14T20:47:03","date_gmt":"2022-10-14T20:47:03","guid":{"rendered":"https:\/\/senhorcursos.com\/?page_id=39"},"modified":"2022-10-14T20:47:05","modified_gmt":"2022-10-14T20:47:05","slug":"about","status":"publish","type":"page","link":"https:\/\/senhorcursos.com\/en\/about\/","title":{"rendered":"About"},"content":{"rendered":"<!--advertisement--><div class=\"mx-5 sm:mx-0 sm:text-3xl text-2xl font-medium title-font mb-4 text-gray-900 text-left\">\n<h2 id=\"h-o-que-voce-quer-aprender-hoje\">What do you want to learn today?<\/h2>\n<\/div><div class=\"mx-5 sm:mx-0 prose leading-relaxed text-lg mb-5 text-left wp-paragraph\">\n<p>At Senhor Cursos, we want to help you advance in different aspects of your life, whether with tips on courses, competitions, employment and much more. Furthermore, we believe that continuous improvement, combined with determination and persistence, are the secrets to success and a meaningful life. We don\u2019t believe in \u201cluck\u201d.<\/p>\n<\/div><!--advertisement--><div class=\"mx-5 sm:mx-0 sm:text-3xl text-2xl font-medium title-font mb-4 text-gray-900 text-left\">\n<h2 id=\"h-quem-somos\">Who we are?<\/h2>\n<\/div><div class=\"mx-5 sm:mx-0 prose leading-relaxed text-lg mb-5 text-left wp-paragraph\">\n<p>Senhor Cursos is a content and education company, with headquarters in Brazil and Canada. Our mission is to consistently deliver the best content about courses, competitions, jobs, careers and more, no matter where you are. Therefore, we want to be your partner in the search for your best knowledge.<\/p>\n<\/div><!--advertisement--><div class=\"mx-5 sm:mx-0 sm:text-3xl text-2xl font-medium title-font mb-4 text-gray-900 text-left\">\n<h2 id=\"h-nos-ajude-a-melhorar\">Help us improve<\/h2>\n<\/div><div class=\"mx-5 sm:mx-0 prose leading-relaxed text-lg mb-5 text-left wp-paragraph\">\n<p>Your ideas are very welcome.&nbsp;<a style=\" color:;\" href=\"https:\/\/senhorcursos.com\/en\/contact\/\">Send us a message!<\/a><\/p>\n<\/div>","protected":false},"excerpt":{"rendered":"<p>What do you want to learn today? At Senhor Cursos, we want to help you advance in different aspects of your life, whether with tips on courses, competitions, jobs and much more. Furthermore, we believe that continuous improvement, combined with determination and persistence, are the secrets to success and a meaningful life. We do not believe in\u2026 <a class=\"more-link\" href=\"https:\/\/senhorcursos.com\/en\/about\/\">Continue reading <span class=\"screen-reader-text\">About<\/span><\/a><\/p>","protected":false},"author":15,"featured_media":0,"parent":0,"menu_order":0,"comment_status":"closed","ping_status":"closed","template":"","meta":[],"yoast_head":"<!-- This site is optimized with the Yoast SEO Premium plugin v18.7 (Yoast SEO v19.1) - https:\/\/yoast.com\/wordpress\/plugins\/seo\/ -->\n<title>Sobre - Senhor Cursos<\/title>\n<meta name=\"description\" content=\"Quer saber quem somos e sobre o que falamos em nosso portal? Ent\u00e3o, acesse nossa p\u00e1gina e confira todas as informa\u00e7\u00f5es.\" \/>\n<meta name=\"robots\" content=\"index, follow, max-snippet:-1, max-image-preview:large, max-video-preview:-1\" \/>\n<link rel=\"canonical\" href=\"https:\/\/senhorcursos.com\/en\/about\/\" \/>\n<meta property=\"og:locale\" content=\"en_US\" \/>\n<meta property=\"og:type\" content=\"article\" \/>\n<meta property=\"og:title\" content=\"Sobre\" \/>\n<meta property=\"og:description\" content=\"Quer saber quem somos e sobre o que falamos em nosso portal? Ent\u00e3o, acesse nossa p\u00e1gina e confira todas as informa\u00e7\u00f5es.\" \/>\n<meta property=\"og:url\" content=\"https:\/\/senhorcursos.com\/en\/about\/\" \/>\n<meta property=\"og:site_name\" content=\"Senhor Cursos\" \/>\n<meta property=\"article:modified_time\" content=\"2022-10-14T20:47:05+00:00\" \/>\n<meta name=\"twitter:card\" content=\"summary_large_image\" \/>\n<meta name=\"twitter:label1\" content=\"Est. reading time\" \/>\n\t<meta name=\"twitter:data1\" content=\"1 minute\" \/>\n<script type=\"application\/ld+json\" class=\"yoast-schema-graph\">{\"@context\":\"https:\/\/schema.org\",\"@graph\":[{\"@type\":\"WebSite\",\"@id\":\"https:\/\/senhorcursos.com\/#website\",\"url\":\"https:\/\/senhorcursos.com\/\",\"name\":\"Senhor Cursos\",\"description\":\"Os melhores cursos, concursos e vagas de empregos para voc\u00ea\",\"potentialAction\":[{\"@type\":\"SearchAction\",\"target\":{\"@type\":\"EntryPoint\",\"urlTemplate\":\"https:\/\/senhorcursos.com\/?s={search_term_string}\"},\"query-input\":\"required name=search_term_string\"}],\"inLanguage\":\"en-CA\"},{\"@type\":\"WebPage\",\"@id\":\"https:\/\/senhorcursos.com\/about\/#webpage\",\"url\":\"https:\/\/senhorcursos.com\/about\/\",\"name\":\"Sobre - Senhor Cursos\",\"isPartOf\":{\"@id\":\"https:\/\/senhorcursos.com\/#website\"},\"datePublished\":\"2022-10-14T20:47:03+00:00\",\"dateModified\":\"2022-10-14T20:47:05+00:00\",\"description\":\"Quer saber quem somos e sobre o que falamos em nosso portal? Ent\u00e3o, acesse nossa p\u00e1gina e confira todas as informa\u00e7\u00f5es.\",\"breadcrumb\":{\"@id\":\"https:\/\/senhorcursos.com\/about\/#breadcrumb\"},\"inLanguage\":\"en-CA\",\"potentialAction\":[{\"@type\":\"ReadAction\",\"target\":[\"https:\/\/senhorcursos.com\/about\/\"]}]},{\"@type\":\"BreadcrumbList\",\"@id\":\"https:\/\/senhorcursos.com\/about\/#breadcrumb\",\"itemListElement\":[{\"@type\":\"ListItem\",\"position\":1,\"name\":\"Home\",\"item\":\"https:\/\/senhorcursos.com\/\"},{\"@type\":\"ListItem\",\"position\":2,\"name\":\"Sobre\"}]}]}<\/script>\n<!-- \/ Yoast SEO Premium plugin. -->","yoast_head_json":{"title":"Sobre - Senhor Cursos","description":"Quer saber quem somos e sobre o que falamos em nosso portal? Ent\u00e3o, acesse nossa p\u00e1gina e confira todas as informa\u00e7\u00f5es.","robots":{"index":"index","follow":"follow","max-snippet":"max-snippet:-1","max-image-preview":"max-image-preview:large","max-video-preview":"max-video-preview:-1"},"canonical":"https:\/\/senhorcursos.com\/en\/about\/","og_locale":"en_US","og_type":"article","og_title":"Sobre","og_description":"Quer saber quem somos e sobre o que falamos em nosso portal? Ent\u00e3o, acesse nossa p\u00e1gina e confira todas as informa\u00e7\u00f5es.","og_url":"https:\/\/senhorcursos.com\/en\/about\/","og_site_name":"Senhor Cursos","article_modified_time":"2022-10-14T20:47:05+00:00","twitter_card":"summary_large_image","twitter_misc":{"Est. reading time":"1 minute"},"schema":{"@context":"https:\/\/schema.org","@graph":[{"@type":"WebSite","@id":"https:\/\/senhorcursos.com\/#website","url":"https:\/\/senhorcursos.com\/","name":"Senhor Cursos","description":"Os melhores cursos, concursos e vagas de empregos para voc\u00ea","potentialAction":[{"@type":"SearchAction","target":{"@type":"EntryPoint","urlTemplate":"https:\/\/senhorcursos.com\/?s={search_term_string}"},"query-input":"required name=search_term_string"}],"inLanguage":"en-CA"},{"@type":"WebPage","@id":"https:\/\/senhorcursos.com\/about\/#webpage","url":"https:\/\/senhorcursos.com\/about\/","name":"Sobre - Senhor Cursos","isPartOf":{"@id":"https:\/\/senhorcursos.com\/#website"},"datePublished":"2022-10-14T20:47:03+00:00","dateModified":"2022-10-14T20:47:05+00:00","description":"Quer saber quem somos e sobre o que falamos em nosso portal? Ent\u00e3o, acesse nossa p\u00e1gina e confira todas as informa\u00e7\u00f5es.","breadcrumb":{"@id":"https:\/\/senhorcursos.com\/about\/#breadcrumb"},"inLanguage":"en-CA","potentialAction":[{"@type":"ReadAction","target":["https:\/\/senhorcursos.com\/about\/"]}]},{"@type":"BreadcrumbList","@id":"https:\/\/senhorcursos.com\/about\/#breadcrumb","itemListElement":[{"@type":"ListItem","position":1,"name":"Home","item":"https:\/\/senhorcursos.com\/"},{"@type":"ListItem","position":2,"name":"Sobre"}]}]}},"_links":{"self":[{"href":"https:\/\/senhorcursos.com\/en\/wp-json\/wp\/v2\/pages\/39"}],"collection":[{"href":"https:\/\/senhorcursos.com\/en\/wp-json\/wp\/v2\/pages"}],"about":[{"href":"https:\/\/senhorcursos.com\/en\/wp-json\/wp\/v2\/types\/page"}],"author":[{"embeddable":true,"href":"https:\/\/senhorcursos.com\/en\/wp-json\/wp\/v2\/users\/15"}],"replies":[{"embeddable":true,"href":"https:\/\/senhorcursos.com\/en\/wp-json\/wp\/v2\/comments?post=39"}],"version-history":[{"count":0,"href":"https:\/\/senhorcursos.com\/en\/wp-json\/wp\/v2\/pages\/39\/revisions"}],"wp:attachment":[{"href":"https:\/\/senhorcursos.com\/en\/wp-json\/wp\/v2\/media?parent=39"}],"curies":[{"name":"wp","href":"https:\/\/api.w.org\/{rel}","templated":true}]}}