{"id":39,"date":"2022-10-14T20:47:03","date_gmt":"2022-10-14T20:47:03","guid":{"rendered":"https:\/\/senhorcursos.com\/?page_id=39"},"modified":"2022-10-14T20:47:05","modified_gmt":"2022-10-14T20:47:05","slug":"about","status":"publish","type":"page","link":"https:\/\/senhorcursos.com\/de\/about\/","title":{"rendered":"Um"},"content":{"rendered":"<!--advertisement--><div class=\"mx-5 sm:mx-0 sm:text-3xl text-2xl font-medium title-font mb-4 text-gray-900 text-left\">\n<h2 id=\"h-o-que-voce-quer-aprender-hoje\">Was m\u00f6chtest du heute lernen?<\/h2>\n<\/div><div class=\"mx-5 sm:mx-0 prose leading-relaxed text-lg mb-5 text-left wp-paragraph\">\n<p>Bei Senhor Cursos m\u00f6chten wir Sie in verschiedenen Aspekten Ihres Lebens voranbringen, sei es mit Tipps zu Kursen, Wettbewerben, Besch\u00e4ftigung und vielem mehr. Dar\u00fcber hinaus glauben wir, dass kontinuierliche Verbesserung, kombiniert mit Entschlossenheit und Beharrlichkeit, das Geheimnis f\u00fcr Erfolg und ein sinnvolles Leben sind. Wir glauben nicht an \u201eGl\u00fcck\u201c.<\/p>\n<\/div><!--advertisement--><div class=\"mx-5 sm:mx-0 sm:text-3xl text-2xl font-medium title-font mb-4 text-gray-900 text-left\">\n<h2 id=\"h-quem-somos\">Wer wir sind?<\/h2>\n<\/div><div class=\"mx-5 sm:mx-0 prose leading-relaxed text-lg mb-5 text-left wp-paragraph\">\n<p>Senhor Cursos ist ein Content- und Bildungsunternehmen mit Hauptsitzen in Brasilien und Kanada. Unsere Mission ist es, stets die besten Inhalte zu Kursen, Wettbewerben, Jobs, Karrieren und mehr bereitzustellen, egal wo Sie sind. Deshalb m\u00f6chten wir Ihr Partner bei der Suche nach Ihrem besten Wissen sein.<\/p>\n<\/div><!--advertisement--><div class=\"mx-5 sm:mx-0 sm:text-3xl text-2xl font-medium title-font mb-4 text-gray-900 text-left\">\n<h2 id=\"h-nos-ajude-a-melhorar\">Hilf uns zu verbessern<\/h2>\n<\/div><div class=\"mx-5 sm:mx-0 prose leading-relaxed text-lg mb-5 text-left wp-paragraph\">\n<p>Ihre Ideen sind herzlich willkommen.&nbsp;<a style=\" color:;\" href=\"https:\/\/senhorcursos.com\/de\/contact\/\">Schick uns eine Nachricht!<\/a><\/p>\n<\/div>","protected":false},"excerpt":{"rendered":"<p>Was m\u00f6chtest du heute lernen? Bei Senhor Cursos m\u00f6chten wir dich in verschiedenen Bereichen deines Lebens weiterbringen \u2013 mit Tipps zu Kursen, Wettbewerben, Jobs und vielem mehr. Dar\u00fcber hinaus glauben wir, dass kontinuierliche Verbesserung, gepaart mit Entschlossenheit und Ausdauer, das Geheimnis f\u00fcr Erfolg und ein sinnvolles Leben ist. Wir glauben nicht an\u2026 <a class=\"more-link\" href=\"https:\/\/senhorcursos.com\/de\/about\/\">Weiterlesen <span class=\"screen-reader-text\">Um<\/span><\/a><\/p>","protected":false},"author":15,"featured_media":0,"parent":0,"menu_order":0,"comment_status":"closed","ping_status":"closed","template":"","meta":[],"yoast_head":"<!-- This site is optimized with the Yoast SEO Premium plugin v18.7 (Yoast SEO v19.1) - https:\/\/yoast.com\/wordpress\/plugins\/seo\/ -->\n<title>Sobre - Senhor Cursos<\/title>\n<meta name=\"description\" content=\"Quer saber quem somos e sobre o que falamos em nosso portal? Ent\u00e3o, acesse nossa p\u00e1gina e confira todas as informa\u00e7\u00f5es.\" \/>\n<meta name=\"robots\" content=\"index, follow, max-snippet:-1, max-image-preview:large, max-video-preview:-1\" \/>\n<link rel=\"canonical\" href=\"https:\/\/senhorcursos.com\/de\/about\/\" \/>\n<meta property=\"og:locale\" content=\"de_DE\" \/>\n<meta property=\"og:type\" content=\"article\" \/>\n<meta property=\"og:title\" content=\"Sobre\" \/>\n<meta property=\"og:description\" content=\"Quer saber quem somos e sobre o que falamos em nosso portal? Ent\u00e3o, acesse nossa p\u00e1gina e confira todas as informa\u00e7\u00f5es.\" \/>\n<meta property=\"og:url\" content=\"https:\/\/senhorcursos.com\/de\/about\/\" \/>\n<meta property=\"og:site_name\" content=\"Senhor Cursos\" \/>\n<meta property=\"article:modified_time\" content=\"2022-10-14T20:47:05+00:00\" \/>\n<meta name=\"twitter:card\" content=\"summary_large_image\" \/>\n<meta name=\"twitter:label1\" content=\"Est. reading time\" \/>\n\t<meta name=\"twitter:data1\" content=\"1 Minute\" \/>\n<script type=\"application\/ld+json\" class=\"yoast-schema-graph\">{\"@context\":\"https:\/\/schema.org\",\"@graph\":[{\"@type\":\"WebSite\",\"@id\":\"https:\/\/senhorcursos.com\/#website\",\"url\":\"https:\/\/senhorcursos.com\/\",\"name\":\"Senhor Cursos\",\"description\":\"Os melhores cursos, concursos e vagas de empregos para voc\u00ea\",\"potentialAction\":[{\"@type\":\"SearchAction\",\"target\":{\"@type\":\"EntryPoint\",\"urlTemplate\":\"https:\/\/senhorcursos.com\/?s={search_term_string}\"},\"query-input\":\"required name=search_term_string\"}],\"inLanguage\":\"de-DE\"},{\"@type\":\"WebPage\",\"@id\":\"https:\/\/senhorcursos.com\/about\/#webpage\",\"url\":\"https:\/\/senhorcursos.com\/about\/\",\"name\":\"Sobre - Senhor Cursos\",\"isPartOf\":{\"@id\":\"https:\/\/senhorcursos.com\/#website\"},\"datePublished\":\"2022-10-14T20:47:03+00:00\",\"dateModified\":\"2022-10-14T20:47:05+00:00\",\"description\":\"Quer saber quem somos e sobre o que falamos em nosso portal? Ent\u00e3o, acesse nossa p\u00e1gina e confira todas as informa\u00e7\u00f5es.\",\"breadcrumb\":{\"@id\":\"https:\/\/senhorcursos.com\/about\/#breadcrumb\"},\"inLanguage\":\"de-DE\",\"potentialAction\":[{\"@type\":\"ReadAction\",\"target\":[\"https:\/\/senhorcursos.com\/about\/\"]}]},{\"@type\":\"BreadcrumbList\",\"@id\":\"https:\/\/senhorcursos.com\/about\/#breadcrumb\",\"itemListElement\":[{\"@type\":\"ListItem\",\"position\":1,\"name\":\"Home\",\"item\":\"https:\/\/senhorcursos.com\/\"},{\"@type\":\"ListItem\",\"position\":2,\"name\":\"Sobre\"}]}]}<\/script>\n<!-- \/ Yoast SEO Premium plugin. -->","yoast_head_json":{"title":"Sobre - Senhor Cursos","description":"Quer saber quem somos e sobre o que falamos em nosso portal? Ent\u00e3o, acesse nossa p\u00e1gina e confira todas as informa\u00e7\u00f5es.","robots":{"index":"index","follow":"follow","max-snippet":"max-snippet:-1","max-image-preview":"max-image-preview:large","max-video-preview":"max-video-preview:-1"},"canonical":"https:\/\/senhorcursos.com\/de\/about\/","og_locale":"de_DE","og_type":"article","og_title":"Sobre","og_description":"Quer saber quem somos e sobre o que falamos em nosso portal? Ent\u00e3o, acesse nossa p\u00e1gina e confira todas as informa\u00e7\u00f5es.","og_url":"https:\/\/senhorcursos.com\/de\/about\/","og_site_name":"Senhor Cursos","article_modified_time":"2022-10-14T20:47:05+00:00","twitter_card":"summary_large_image","twitter_misc":{"Est. reading time":"1 Minute"},"schema":{"@context":"https:\/\/schema.org","@graph":[{"@type":"WebSite","@id":"https:\/\/senhorcursos.com\/#website","url":"https:\/\/senhorcursos.com\/","name":"Senhor Cursos","description":"Os melhores cursos, concursos e vagas de empregos para voc\u00ea","potentialAction":[{"@type":"SearchAction","target":{"@type":"EntryPoint","urlTemplate":"https:\/\/senhorcursos.com\/?s={search_term_string}"},"query-input":"required name=search_term_string"}],"inLanguage":"de-DE"},{"@type":"WebPage","@id":"https:\/\/senhorcursos.com\/about\/#webpage","url":"https:\/\/senhorcursos.com\/about\/","name":"Sobre - Senhor Cursos","isPartOf":{"@id":"https:\/\/senhorcursos.com\/#website"},"datePublished":"2022-10-14T20:47:03+00:00","dateModified":"2022-10-14T20:47:05+00:00","description":"Quer saber quem somos e sobre o que falamos em nosso portal? Ent\u00e3o, acesse nossa p\u00e1gina e confira todas as informa\u00e7\u00f5es.","breadcrumb":{"@id":"https:\/\/senhorcursos.com\/about\/#breadcrumb"},"inLanguage":"de-DE","potentialAction":[{"@type":"ReadAction","target":["https:\/\/senhorcursos.com\/about\/"]}]},{"@type":"BreadcrumbList","@id":"https:\/\/senhorcursos.com\/about\/#breadcrumb","itemListElement":[{"@type":"ListItem","position":1,"name":"Home","item":"https:\/\/senhorcursos.com\/"},{"@type":"ListItem","position":2,"name":"Sobre"}]}]}},"_links":{"self":[{"href":"https:\/\/senhorcursos.com\/de\/wp-json\/wp\/v2\/pages\/39"}],"collection":[{"href":"https:\/\/senhorcursos.com\/de\/wp-json\/wp\/v2\/pages"}],"about":[{"href":"https:\/\/senhorcursos.com\/de\/wp-json\/wp\/v2\/types\/page"}],"author":[{"embeddable":true,"href":"https:\/\/senhorcursos.com\/de\/wp-json\/wp\/v2\/users\/15"}],"replies":[{"embeddable":true,"href":"https:\/\/senhorcursos.com\/de\/wp-json\/wp\/v2\/comments?post=39"}],"version-history":[{"count":0,"href":"https:\/\/senhorcursos.com\/de\/wp-json\/wp\/v2\/pages\/39\/revisions"}],"wp:attachment":[{"href":"https:\/\/senhorcursos.com\/de\/wp-json\/wp\/v2\/media?parent=39"}],"curies":[{"name":"wp","href":"https:\/\/api.w.org\/{rel}","templated":true}]}}